{"id":87,"date":"2025-12-13T15:58:08","date_gmt":"2025-12-13T14:58:08","guid":{"rendered":"https:\/\/friseur-in-freiburg.de\/?page_id=87"},"modified":"2025-12-27T11:58:17","modified_gmt":"2025-12-27T10:58:17","slug":"anfahrt","status":"publish","type":"page","link":"https:\/\/friseur-in-freiburg.de\/?page_id=87","title":{"rendered":"Anfahrt"},"content":{"rendered":"\n<p class=\"has-text-align-center\">sie erreichen uns mit der stra\u00dfenbahn der linie 1: haltestelle emil-g\u00f6tt-str.<\/p>\n\n\n\n<p class=\"has-text-align-center\">am salon steht ihnen ein kundenparkplatz zur verf\u00fcgung. weitere parkpl\u00e4tze finden sie in den seitenstra\u00dfen.<\/p>\n\n\n\n<p class=\"has-text-align-center\">ihr zweirad k\u00f6nnen sie sicher bei uns abstellen.<\/p>\n\n\n\n<figure class=\"wp-block-image aligncenter size-large is-resized\"><img loading=\"lazy\" decoding=\"async\" width=\"669\" height=\"1024\" src=\"https:\/\/friseur-in-freiburg.de\/wp-content\/uploads\/2025\/12\/neues-schild-3-669x1024.png\" alt=\"\" class=\"wp-image-488\" style=\"aspect-ratio:0.6533225402899404;width:199px;height:auto\" srcset=\"https:\/\/friseur-in-freiburg.de\/wp-content\/uploads\/2025\/12\/neues-schild-3-669x1024.png 669w, https:\/\/friseur-in-freiburg.de\/wp-content\/uploads\/2025\/12\/neues-schild-3-196x300.png 196w, https:\/\/friseur-in-freiburg.de\/wp-content\/uploads\/2025\/12\/neues-schild-3.png 734w\" sizes=\"auto, (max-width: 669px) 100vw, 669px\" \/><\/figure>\n\n\n<div align=\"center\">\n   \n<iframe src=\"https:\/\/www.google.com\/maps\/embed?pb=!1m18!1m12!1m3!1d10681.478846183041!2d7.860543180547726!3d47.9872418255791!2m3!1f0!2f0!3f0!3m2!1i1024!2i768!4f13.1!3m3!1m2!1s0x47911cdd2dc1b4d1%3A0x44bbee11987c3eb3!2smarkus%20vietri%20fris%C3%B6r!5e0!3m2!1sde!2sde!4v1765873164463!5m2!1sde!2sde\"\n \n   \nwidth=\"300\" height=\"240\" style=\"border:1;\" allowfullscreen=\"\" loading=\"lazy\" referrerpolicy=\"no-referrer-when-downgrade\"><\/iframe><\/div>","protected":false},"excerpt":{"rendered":"<p>sie erreichen uns mit der stra\u00dfenbahn der linie 1: haltestelle emil-g\u00f6tt-str. am salon steht ihnen ein kundenparkplatz zur verf\u00fcgung. weitere parkpl\u00e4tze finden sie in den seitenstra\u00dfen. ihr zweirad k\u00f6nnen sie sicher bei uns abstellen.<\/p>\n","protected":false},"author":1,"featured_media":0,"parent":0,"menu_order":0,"comment_status":"closed","ping_status":"closed","template":"","meta":{"footnotes":""},"class_list":["post-87","page","type-page","status-publish","hentry"],"_links":{"self":[{"href":"https:\/\/friseur-in-freiburg.de\/index.php?rest_route=\/wp\/v2\/pages\/87","targetHints":{"allow":["GET"]}}],"collection":[{"href":"https:\/\/friseur-in-freiburg.de\/index.php?rest_route=\/wp\/v2\/pages"}],"about":[{"href":"https:\/\/friseur-in-freiburg.de\/index.php?rest_route=\/wp\/v2\/types\/page"}],"author":[{"embeddable":true,"href":"https:\/\/friseur-in-freiburg.de\/index.php?rest_route=\/wp\/v2\/users\/1"}],"replies":[{"embeddable":true,"href":"https:\/\/friseur-in-freiburg.de\/index.php?rest_route=%2Fwp%2Fv2%2Fcomments&post=87"}],"version-history":[{"count":39,"href":"https:\/\/friseur-in-freiburg.de\/index.php?rest_route=\/wp\/v2\/pages\/87\/revisions"}],"predecessor-version":[{"id":632,"href":"https:\/\/friseur-in-freiburg.de\/index.php?rest_route=\/wp\/v2\/pages\/87\/revisions\/632"}],"wp:attachment":[{"href":"https:\/\/friseur-in-freiburg.de\/index.php?rest_route=%2Fwp%2Fv2%2Fmedia&parent=87"}],"curies":[{"name":"wp","href":"https:\/\/api.w.org\/{rel}","templated":true}]}}